{"id":75,"date":"2023-09-04T11:23:46","date_gmt":"2023-09-04T11:23:46","guid":{"rendered":"https:\/\/ld-wp73.template-help.com\/wordpress\/prod_33652\/v1\/?page_id=75"},"modified":"2025-02-18T14:38:13","modified_gmt":"2025-02-18T17:38:13","slug":"contacts","status":"publish","type":"page","link":"https:\/\/crystalclear.com.ar\/es\/contacts\/","title":{"rendered":"CONTACTO"},"content":{"rendered":"<div data-elementor-type=\"wp-page\" data-elementor-id=\"75\" class=\"elementor elementor-75\">\n\t\t\t\t\t\t<section class=\"elementor-section elementor-top-section elementor-element elementor-element-67d4c6d elementor-section-boxed elementor-section-height-default elementor-section-height-default\" data-id=\"67d4c6d\" data-element_type=\"section\" data-settings=\"{&quot;jet_parallax_layout_list&quot;:[]}\">\n\t\t\t\t\t\t<div class=\"elementor-container elementor-column-gap-no\">\n\t\t\t\t\t<div class=\"elementor-column elementor-col-50 elementor-top-column elementor-element elementor-element-30e312e elementor-invisible\" data-id=\"30e312e\" data-element_type=\"column\" data-settings=\"{&quot;animation&quot;:&quot;fadeInLeft&quot;}\">\n\t\t\t<div class=\"elementor-widget-wrap elementor-element-populated\">\n\t\t\t\t\t\t<div class=\"elementor-element elementor-element-37e83ee8 elementor-widget elementor-widget-heading\" data-id=\"37e83ee8\" data-element_type=\"widget\" data-widget_type=\"heading.default\">\n\t\t\t\t<div class=\"elementor-widget-container\">\n\t\t\t<h1 class=\"elementor-heading-title elementor-size-default\">Envianos un <br>mensaje<\/h1>\t\t<\/div>\n\t\t\t\t<\/div>\n\t\t\t\t\t<\/div>\n\t\t<\/div>\n\t\t\t\t<div class=\"elementor-column elementor-col-50 elementor-top-column elementor-element elementor-element-44a6860c elementor-invisible\" data-id=\"44a6860c\" data-element_type=\"column\" data-settings=\"{&quot;animation&quot;:&quot;fadeInRight&quot;}\">\n\t\t\t<div class=\"elementor-widget-wrap elementor-element-populated\">\n\t\t\t\t\t\t<div class=\"elementor-element elementor-element-1b515a4 elementor-widget elementor-widget-heading\" data-id=\"1b515a4\" data-element_type=\"widget\" data-widget_type=\"heading.default\">\n\t\t\t\t<div class=\"elementor-widget-container\">\n\t\t\t<h2 class=\"elementor-heading-title elementor-size-default\">\u00a1Estamos aqu\u00ed para ayudar!<\/h2>\t\t<\/div>\n\t\t\t\t<\/div>\n\t\t\t\t<div class=\"elementor-element elementor-element-487f7c60 elementor-widget__width-initial elementor-widget-tablet__width-inherit elementor-widget elementor-widget-text-editor\" data-id=\"487f7c60\" data-element_type=\"widget\" data-widget_type=\"text-editor.default\">\n\t\t\t\t<div class=\"elementor-widget-container\">\n\t\t\t\t\t\t\t<p>Ya sea que necesite ayuda con una tarea sencilla de software SAP o algo m\u00e1s complejo y personalizado, \u00a1estamos aqu\u00ed para ayudarlo! No dude en comunicarse con nosotros: estaremos encantados de brindarle una mano y asegurarnos de que todo funcione sin problemas.<\/p>\t\t\t\t\t\t<\/div>\n\t\t\t\t<\/div>\n\t\t\t\t<div class=\"elementor-element elementor-element-cc9976d elementor-widget elementor-widget-contact-form-7\" data-id=\"cc9976d\" data-element_type=\"widget\" data-widget_type=\"contact-form-7.default\">\n\t\t\t\t<div class=\"elementor-widget-container\">\n\t\t\t<div class=\"elementor-contact-form-7 jet-elements\">\n<div class=\"wpcf7 no-js\" id=\"wpcf7-f6-o1\" lang=\"en-US\" dir=\"ltr\" data-wpcf7-id=\"6\">\n<div class=\"screen-reader-response\"><p role=\"status\" aria-live=\"polite\" aria-atomic=\"true\"><\/p> <ul><\/ul><\/div>\n<form action=\"\/es\/wp-json\/wp\/v2\/pages\/75#wpcf7-f6-o1\" method=\"post\" class=\"wpcf7-form init\" aria-label=\"Contact form\" novalidate=\"novalidate\" data-status=\"init\" data-trp-original-action=\"\/es\/wp-json\/wp\/v2\/pages\/75#wpcf7-f6-o1\">\n<div style=\"display: none;\">\n<input type=\"hidden\" name=\"_wpcf7\" value=\"6\" \/>\n<input type=\"hidden\" name=\"_wpcf7_version\" value=\"6.0\" \/>\n<input type=\"hidden\" name=\"_wpcf7_locale\" value=\"en_US\" \/>\n<input type=\"hidden\" name=\"_wpcf7_unit_tag\" value=\"wpcf7-f6-o1\" \/>\n<input type=\"hidden\" name=\"_wpcf7_container_post\" value=\"0\" \/>\n<input type=\"hidden\" name=\"_wpcf7_posted_data_hash\" value=\"\" \/>\n<input type=\"hidden\" name=\"_wpcf7_recaptcha_response\" value=\"\" \/>\n<\/div>\n<p><label> SU NOMBRE<br \/>\n<span class=\"wpcf7-form-control-wrap\" data-name=\"your-name\"><input size=\"40\" maxlength=\"400\" class=\"wpcf7-form-control wpcf7-text wpcf7-validates-as-required\" autocomplete=\"name\" aria-required=\"true\" aria-invalid=\"false\" value=\"\" type=\"text\" name=\"your-name\" \/><\/span> <\/label>\n<\/p>\n<p><label> POR FAVOR, COMPLETE UNA BREVE DESCRIPCI\u00d3N<br \/>\n<span class=\"wpcf7-form-control-wrap\" data-name=\"your-subject\"><input size=\"40\" maxlength=\"400\" class=\"wpcf7-form-control wpcf7-text wpcf7-validates-as-required\" aria-required=\"true\" aria-invalid=\"false\" value=\"\" type=\"text\" name=\"your-subject\" \/><\/span> <\/label>\n<\/p>\n<p><label> \u00bfC\u00d3MO PODEMOS AYUDARTE?<br \/>\n<span class=\"wpcf7-form-control-wrap\" data-name=\"your-message\"><input size=\"40\" maxlength=\"400\" class=\"wpcf7-form-control wpcf7-text wpcf7-validates-as-required\" aria-required=\"true\" aria-invalid=\"false\" value=\"\" type=\"text\" name=\"your-message\" \/><\/span> <\/label>\n<\/p>\n<p><label> SU EMAIL<br \/>\n<span class=\"wpcf7-form-control-wrap\" data-name=\"your-email\"><input size=\"40\" maxlength=\"400\" class=\"wpcf7-form-control wpcf7-email wpcf7-validates-as-required wpcf7-text wpcf7-validates-as-email\" autocomplete=\"email\" aria-required=\"true\" aria-invalid=\"false\" value=\"\" type=\"email\" name=\"your-email\" \/><\/span> <\/label><br \/>\n\n<\/p>\n<p><input class=\"wpcf7-form-control wpcf7-submit has-spinner\" type=\"submit\" value=\"ENVIAR\" \/>\n<\/p><p style=\"display: none !important;\" class=\"akismet-fields-container\" data-prefix=\"_wpcf7_ak_\"><label>&#916;<textarea name=\"_wpcf7_ak_hp_textarea\" cols=\"45\" rows=\"8\" maxlength=\"100\"><\/textarea><\/label><input type=\"hidden\" id=\"ak_js_1\" name=\"_wpcf7_ak_js\" value=\"151\"\/><script>document.getElementById( \"ak_js_1\" ).setAttribute( \"value\", ( new Date() ).getTime() );<\/script><\/p><div class=\"wpcf7-response-output\" aria-hidden=\"true\"><\/div>\n<input type=\"hidden\" name=\"trp-form-language\" value=\"es\"\/><\/form>\n<\/div>\n<\/div>\t\t<\/div>\n\t\t\t\t<\/div>\n\t\t\t\t\t<\/div>\n\t\t<\/div>\n\t\t\t\t\t<\/div>\n\t\t<\/section>\n\t\t\t\t<section class=\"elementor-section elementor-top-section elementor-element elementor-element-282f8a3a elementor-section-boxed elementor-section-height-default elementor-section-height-default elementor-invisible\" data-id=\"282f8a3a\" data-element_type=\"section\" data-settings=\"{&quot;jet_parallax_layout_list&quot;:[],&quot;animation&quot;:&quot;fadeIn&quot;}\">\n\t\t\t\t\t\t<div class=\"elementor-container elementor-column-gap-no\">\n\t\t\t\t\t<div class=\"elementor-column elementor-col-50 elementor-top-column elementor-element elementor-element-553cb75e\" data-id=\"553cb75e\" data-element_type=\"column\">\n\t\t\t<div class=\"elementor-widget-wrap elementor-element-populated\">\n\t\t\t\t\t\t<div class=\"elementor-element elementor-element-54d34e35 elementor-widget elementor-widget-heading\" data-id=\"54d34e35\" data-element_type=\"widget\" data-widget_type=\"heading.default\">\n\t\t\t\t<div class=\"elementor-widget-container\">\n\t\t\t<h2 class=\"elementor-heading-title elementor-size-default\">Ponte en contacto con nosotros<\/h2>\t\t<\/div>\n\t\t\t\t<\/div>\n\t\t\t\t\t<\/div>\n\t\t<\/div>\n\t\t\t\t<div class=\"elementor-column elementor-col-50 elementor-top-column elementor-element elementor-element-368aef76\" data-id=\"368aef76\" data-element_type=\"column\">\n\t\t\t<div class=\"elementor-widget-wrap elementor-element-populated\">\n\t\t\t\t\t\t<div class=\"elementor-element elementor-element-7bacdcb elementor-widget elementor-widget-text-editor\" data-id=\"7bacdcb\" data-element_type=\"widget\" data-widget_type=\"text-editor.default\">\n\t\t\t\t<div class=\"elementor-widget-container\">\n\t\t\t\t\t\t\t<p><a href=\"mailto:hola@ejemplo.com\">info@crystalclear.com.ar<\/a><\/p>\t\t\t\t\t\t<\/div>\n\t\t\t\t<\/div>\n\t\t\t\t<div class=\"elementor-element elementor-element-edd0850 elementor-widget__width-initial elementor-widget-tablet__width-inherit elementor-widget elementor-widget-text-editor\" data-id=\"edd0850\" data-element_type=\"widget\" data-widget_type=\"text-editor.default\">\n\t\t\t\t<div class=\"elementor-widget-container\">\n\t\t\t\t\t\t\t<p>Env\u00edanos un email y cu\u00e9ntanos c\u00f3mo podemos ayudarte. Si est\u00e1 a nuestro alcance, \u00a1estaremos encantados de hacerlo!<\/p>\t\t\t\t\t\t<\/div>\n\t\t\t\t<\/div>\n\t\t\t\t<div class=\"elementor-element elementor-element-6c82852 elementor-widget elementor-widget-jet-button\" data-id=\"6c82852\" data-element_type=\"widget\" data-widget_type=\"jet-button.default\">\n\t\t\t\t<div class=\"elementor-widget-container\">\n\t\t\t<div class=\"elementor-jet-button jet-elements\"><div class=\"jet-button__container\">\n\t<a class=\"jet-button__instance jet-button__instance--icon-right hover-effect-0\" href=\"mailto:hola@ejemplo.com\">\n\t\t<div class=\"jet-button__plane jet-button__plane-normal\"><\/div>\n\t\t<div class=\"jet-button__plane jet-button__plane-hover\"><\/div>\n\t\t<div class=\"jet-button__state jet-button__state-normal\">\n\t\t\t<span class=\"jet-button__icon jet-elements-icon\"><svg xmlns=\"http:\/\/www.w3.org\/2000\/svg\" width=\"24\" height=\"24\" viewbox=\"0 0 24 24\" fill=\"#0F0F0F\"><path d=\"M14.4301 18.82C14.2401 18.82 14.0501 18.75 13.9001 18.6C13.6101 18.31 13.6101 17.83 13.9001 17.54L19.4401 12L13.9001 6.46C13.6101 6.17 13.6101 5.69 13.9001 5.4C14.1901 5.11 14.6701 5.11 14.9601 5.4L21.0301 11.47C21.3201 11.76 21.3201 12.24 21.0301 12.53L14.9601 18.6C14.8101 18.75 14.6201 18.82 14.4301 18.82Z\"><\/path><path d=\"M20.33 12.75H3.5C3.09 12.75 2.75 12.41 2.75 12C2.75 11.59 3.09 11.25 3.5 11.25H20.33C20.74 11.25 21.08 11.59 21.08 12C21.08 12.41 20.74 12.75 20.33 12.75Z\"><\/path><\/svg><\/span><span class=\"jet-button__label\">enviar<\/span>\t\t<\/div>\n\t\t<div class=\"jet-button__state jet-button__state-hover\">\n\t\t\t<span class=\"jet-button__icon jet-elements-icon\"><svg xmlns=\"http:\/\/www.w3.org\/2000\/svg\" width=\"24\" height=\"24\" viewbox=\"0 0 24 24\" fill=\"#0F0F0F\"><path d=\"M14.4301 18.82C14.2401 18.82 14.0501 18.75 13.9001 18.6C13.6101 18.31 13.6101 17.83 13.9001 17.54L19.4401 12L13.9001 6.46C13.6101 6.17 13.6101 5.69 13.9001 5.4C14.1901 5.11 14.6701 5.11 14.9601 5.4L21.0301 11.47C21.3201 11.76 21.3201 12.24 21.0301 12.53L14.9601 18.6C14.8101 18.75 14.6201 18.82 14.4301 18.82Z\"><\/path><path d=\"M20.33 12.75H3.5C3.09 12.75 2.75 12.41 2.75 12C2.75 11.59 3.09 11.25 3.5 11.25H20.33C20.74 11.25 21.08 11.59 21.08 12C21.08 12.41 20.74 12.75 20.33 12.75Z\"><\/path><\/svg><\/span><span class=\"jet-button__label\">enviar<\/span>\t\t<\/div>\n\t<\/a>\n<\/div>\n<\/div>\t\t<\/div>\n\t\t\t\t<\/div>\n\t\t\t\t\t<\/div>\n\t\t<\/div>\n\t\t\t\t\t<\/div>\n\t\t<\/section>\n\t\t\t\t<section class=\"elementor-section elementor-top-section elementor-element elementor-element-c3ec4d3 elementor-section-boxed elementor-section-height-default elementor-section-height-default\" data-id=\"c3ec4d3\" data-element_type=\"section\" data-settings=\"{&quot;jet_parallax_layout_list&quot;:[{&quot;_id&quot;:&quot;c050b9a&quot;,&quot;jet_parallax_layout_image&quot;:{&quot;url&quot;:&quot;https:\\\/\\\/ld-wp73.template-help.com\\\/wordpress\\\/prod_33652\\\/v1\\\/wp-content\\\/uploads\\\/2023\\\/09\\\/parallax5.png&quot;,&quot;id&quot;:843,&quot;size&quot;:&quot;&quot;,&quot;alt&quot;:&quot;&quot;,&quot;source&quot;:&quot;library&quot;},&quot;jet_parallax_layout_speed&quot;:{&quot;unit&quot;:&quot;%&quot;,&quot;size&quot;:0,&quot;sizes&quot;:[]},&quot;jet_parallax_layout_type&quot;:&quot;mouse&quot;,&quot;jet_parallax_layout_bg_x&quot;:71.7,&quot;jet_parallax_layout_bg_x_tablet&quot;:85.7,&quot;jet_parallax_layout_bg_y&quot;:88,&quot;jet_parallax_layout_bg_y_tablet&quot;:1,&quot;jet_parallax_layout_animation_prop&quot;:&quot;bgposition&quot;,&quot;jet_parallax_layout_image_tablet&quot;:{&quot;url&quot;:&quot;&quot;,&quot;id&quot;:&quot;&quot;,&quot;size&quot;:&quot;&quot;},&quot;jet_parallax_layout_image_mobile&quot;:{&quot;url&quot;:&quot;&quot;,&quot;id&quot;:&quot;&quot;,&quot;size&quot;:&quot;&quot;},&quot;jet_parallax_layout_direction&quot;:null,&quot;jet_parallax_layout_fx_direction&quot;:null,&quot;jet_parallax_layout_z_index&quot;:&quot;&quot;,&quot;jet_parallax_layout_bg_x_mobile&quot;:&quot;&quot;,&quot;jet_parallax_layout_bg_y_mobile&quot;:&quot;&quot;,&quot;jet_parallax_layout_bg_size&quot;:&quot;auto&quot;,&quot;jet_parallax_layout_bg_size_tablet&quot;:&quot;&quot;,&quot;jet_parallax_layout_bg_size_mobile&quot;:&quot;&quot;,&quot;jet_parallax_layout_on&quot;:[&quot;desktop&quot;,&quot;tablet&quot;]}]}\">\n\t\t\t\t\t\t<div class=\"elementor-container elementor-column-gap-no\">\n\t\t\t\t\t<div class=\"elementor-column elementor-col-50 elementor-top-column elementor-element elementor-element-70165467 elementor-invisible\" data-id=\"70165467\" data-element_type=\"column\" data-settings=\"{&quot;animation&quot;:&quot;fadeInLeft&quot;}\">\n\t\t\t<div class=\"elementor-widget-wrap elementor-element-populated\">\n\t\t\t\t\t\t<div class=\"elementor-element elementor-element-146b05b8 elementor-widget elementor-widget-heading\" data-id=\"146b05b8\" data-element_type=\"widget\" data-widget_type=\"heading.default\">\n\t\t\t\t<div class=\"elementor-widget-container\">\n\t\t\t<h2 class=\"elementor-heading-title elementor-size-default\">Construyamos o mejoremos su sistema SAP<\/h2>\t\t<\/div>\n\t\t\t\t<\/div>\n\t\t\t\t<div class=\"elementor-element elementor-element-25709cae elementor-widget__width-initial elementor-widget elementor-widget-jet-button\" data-id=\"25709cae\" data-element_type=\"widget\" data-widget_type=\"jet-button.default\">\n\t\t\t\t<div class=\"elementor-widget-container\">\n\t\t\t<div class=\"elementor-jet-button jet-elements\"><div class=\"jet-button__container\">\n\t<a class=\"jet-button__instance jet-button__instance--icon-right hover-effect-0\" href=\"https:\/\/crystalclear.com.ar\/es\/our-experience\/\">\n\t\t<div class=\"jet-button__plane jet-button__plane-normal\"><\/div>\n\t\t<div class=\"jet-button__plane jet-button__plane-hover\"><\/div>\n\t\t<div class=\"jet-button__state jet-button__state-normal\">\n\t\t\t<span class=\"jet-button__icon jet-elements-icon\"><svg xmlns=\"http:\/\/www.w3.org\/2000\/svg\" width=\"24\" height=\"24\" viewbox=\"0 0 24 24\" fill=\"#0F0F0F\"><path d=\"M14.4301 18.82C14.2401 18.82 14.0501 18.75 13.9001 18.6C13.6101 18.31 13.6101 17.83 13.9001 17.54L19.4401 12L13.9001 6.46C13.6101 6.17 13.6101 5.69 13.9001 5.4C14.1901 5.11 14.6701 5.11 14.9601 5.4L21.0301 11.47C21.3201 11.76 21.3201 12.24 21.0301 12.53L14.9601 18.6C14.8101 18.75 14.6201 18.82 14.4301 18.82Z\"><\/path><path d=\"M20.33 12.75H3.5C3.09 12.75 2.75 12.41 2.75 12C2.75 11.59 3.09 11.25 3.5 11.25H20.33C20.74 11.25 21.08 11.59 21.08 12C21.08 12.41 20.74 12.75 20.33 12.75Z\"><\/path><\/svg><\/span><span class=\"jet-button__label\">Ver nuestros proyectos<\/span>\t\t<\/div>\n\t\t<div class=\"jet-button__state jet-button__state-hover\">\n\t\t\t<span class=\"jet-button__icon jet-elements-icon\"><svg xmlns=\"http:\/\/www.w3.org\/2000\/svg\" width=\"24\" height=\"24\" viewbox=\"0 0 24 24\" fill=\"#0F0F0F\"><path d=\"M14.4301 18.82C14.2401 18.82 14.0501 18.75 13.9001 18.6C13.6101 18.31 13.6101 17.83 13.9001 17.54L19.4401 12L13.9001 6.46C13.6101 6.17 13.6101 5.69 13.9001 5.4C14.1901 5.11 14.6701 5.11 14.9601 5.4L21.0301 11.47C21.3201 11.76 21.3201 12.24 21.0301 12.53L14.9601 18.6C14.8101 18.75 14.6201 18.82 14.4301 18.82Z\"><\/path><path d=\"M20.33 12.75H3.5C3.09 12.75 2.75 12.41 2.75 12C2.75 11.59 3.09 11.25 3.5 11.25H20.33C20.74 11.25 21.08 11.59 21.08 12C21.08 12.41 20.74 12.75 20.33 12.75Z\"><\/path><\/svg><\/span><span class=\"jet-button__label\">Ver nuestros proyectos<\/span>\t\t<\/div>\n\t<\/a>\n<\/div>\n<\/div>\t\t<\/div>\n\t\t\t\t<\/div>\n\t\t\t\t\t<\/div>\n\t\t<\/div>\n\t\t\t\t<div class=\"elementor-column elementor-col-50 elementor-top-column elementor-element elementor-element-5385ce98\" data-id=\"5385ce98\" data-element_type=\"column\">\n\t\t\t<div class=\"elementor-widget-wrap\">\n\t\t\t\t\t\t\t<\/div>\n\t\t<\/div>\n\t\t\t\t\t<\/div>\n\t\t<\/section>\n\t\t\t\t<section class=\"elementor-section elementor-top-section elementor-element elementor-element-43da5eba elementor-section-boxed elementor-section-height-default elementor-section-height-default elementor-invisible\" data-id=\"43da5eba\" data-element_type=\"section\" data-settings=\"{&quot;jet_parallax_layout_list&quot;:[],&quot;animation&quot;:&quot;fadeIn&quot;}\">\n\t\t\t\t\t\t<div class=\"elementor-container elementor-column-gap-no\">\n\t\t\t\t\t<div class=\"elementor-column elementor-col-100 elementor-top-column elementor-element elementor-element-a5df891\" data-id=\"a5df891\" data-element_type=\"column\">\n\t\t\t<div class=\"elementor-widget-wrap elementor-element-populated\">\n\t\t\t\t\t\t<div class=\"elementor-element elementor-element-2166a0c9 elementor-widget-divider--view-line elementor-widget elementor-widget-divider\" data-id=\"2166a0c9\" data-element_type=\"widget\" data-widget_type=\"divider.default\">\n\t\t\t\t<div class=\"elementor-widget-container\">\n\t\t\t\t\t<div class=\"elementor-divider\">\n\t\t\t<span class=\"elementor-divider-separator\">\n\t\t\t\t\t\t<\/span>\n\t\t<\/div>\n\t\t\t\t<\/div>\n\t\t\t\t<\/div>\n\t\t\t\t<div class=\"elementor-element elementor-element-ea3d729 elementor-widget__width-auto elementor-widget elementor-widget-heading\" data-id=\"ea3d729\" data-element_type=\"widget\" data-widget_type=\"heading.default\">\n\t\t\t\t<div class=\"elementor-widget-container\">\n\t\t\t<h2 class=\"elementor-heading-title elementor-size-default\">Demasiado temprano para dar el primer paso?<\/h2>\t\t<\/div>\n\t\t\t\t<\/div>\n\t\t\t\t<div class=\"elementor-element elementor-element-54b64f27 elementor-widget__width-auto elementor-widget elementor-widget-jet-button\" data-id=\"54b64f27\" data-element_type=\"widget\" data-widget_type=\"jet-button.default\">\n\t\t\t\t<div class=\"elementor-widget-container\">\n\t\t\t<div class=\"elementor-jet-button jet-elements\"><div class=\"jet-button__container\">\n\t<a class=\"jet-button__instance jet-button__instance--icon-right hover-effect-0\" href=\"https:\/\/ld-wp73.template-help.com\/wordpress\/prod_33652\/v1\/about\/\">\n\t\t<div class=\"jet-button__plane jet-button__plane-normal\"><\/div>\n\t\t<div class=\"jet-button__plane jet-button__plane-hover\"><\/div>\n\t\t<div class=\"jet-button__state jet-button__state-normal\">\n\t\t\t<span class=\"jet-button__icon jet-elements-icon\"><svg xmlns=\"http:\/\/www.w3.org\/2000\/svg\" width=\"24\" height=\"24\" viewbox=\"0 0 24 24\" fill=\"#0F0F0F\"><path d=\"M14.4301 18.82C14.2401 18.82 14.0501 18.75 13.9001 18.6C13.6101 18.31 13.6101 17.83 13.9001 17.54L19.4401 12L13.9001 6.46C13.6101 6.17 13.6101 5.69 13.9001 5.4C14.1901 5.11 14.6701 5.11 14.9601 5.4L21.0301 11.47C21.3201 11.76 21.3201 12.24 21.0301 12.53L14.9601 18.6C14.8101 18.75 14.6201 18.82 14.4301 18.82Z\"><\/path><path d=\"M20.33 12.75H3.5C3.09 12.75 2.75 12.41 2.75 12C2.75 11.59 3.09 11.25 3.5 11.25H20.33C20.74 11.25 21.08 11.59 21.08 12C21.08 12.41 20.74 12.75 20.33 12.75Z\"><\/path><\/svg><\/span><span class=\"jet-button__label\">Conozca m\u00e1s sobre nosotros<\/span>\t\t<\/div>\n\t\t<div class=\"jet-button__state jet-button__state-hover\">\n\t\t\t<span class=\"jet-button__icon jet-elements-icon\"><svg xmlns=\"http:\/\/www.w3.org\/2000\/svg\" width=\"24\" height=\"24\" viewbox=\"0 0 24 24\" fill=\"#0F0F0F\"><path d=\"M14.4301 18.82C14.2401 18.82 14.0501 18.75 13.9001 18.6C13.6101 18.31 13.6101 17.83 13.9001 17.54L19.4401 12L13.9001 6.46C13.6101 6.17 13.6101 5.69 13.9001 5.4C14.1901 5.11 14.6701 5.11 14.9601 5.4L21.0301 11.47C21.3201 11.76 21.3201 12.24 21.0301 12.53L14.9601 18.6C14.8101 18.75 14.6201 18.82 14.4301 18.82Z\"><\/path><path d=\"M20.33 12.75H3.5C3.09 12.75 2.75 12.41 2.75 12C2.75 11.59 3.09 11.25 3.5 11.25H20.33C20.74 11.25 21.08 11.59 21.08 12C21.08 12.41 20.74 12.75 20.33 12.75Z\"><\/path><\/svg><\/span><span class=\"jet-button__label\">Conozca m\u00e1s sobre nosotros<\/span>\t\t<\/div>\n\t<\/a>\n<\/div>\n<\/div>\t\t<\/div>\n\t\t\t\t<\/div>\n\t\t\t\t<div class=\"elementor-element elementor-element-5cf68c4a elementor-widget-divider--view-line elementor-widget elementor-widget-divider\" data-id=\"5cf68c4a\" data-element_type=\"widget\" data-widget_type=\"divider.default\">\n\t\t\t\t<div class=\"elementor-widget-container\">\n\t\t\t\t\t<div class=\"elementor-divider\">\n\t\t\t<span class=\"elementor-divider-separator\">\n\t\t\t\t\t\t<\/span>\n\t\t<\/div>\n\t\t\t\t<\/div>\n\t\t\t\t<\/div>\n\t\t\t\t\t<\/div>\n\t\t<\/div>\n\t\t\t\t\t<\/div>\n\t\t<\/section>\n\t\t\t\t<\/div>","protected":false},"excerpt":{"rendered":"<p>Drop us a line We are here to help! Whether you need help with a simple SAP software task or something more complex and customized, we&#8217;re here to help! Don&#8217;t hesitate to reach out \u2013 we&#8217;re happy to lend a hand and make sure everything runs smoothly YOUR NAME PLEASE, COMPLETE A LITTLE DESCRIPTION HOW [&hellip;]<\/p>","protected":false},"author":1,"featured_media":0,"parent":0,"menu_order":0,"comment_status":"closed","ping_status":"closed","template":"elementor_header_footer","meta":{"om_disable_all_campaigns":false,"_monsterinsights_skip_tracking":false,"_monsterinsights_sitenote_active":false,"_monsterinsights_sitenote_note":"","_monsterinsights_sitenote_category":0,"footnotes":""},"class_list":["post-75","page","type-page","status-publish","hentry"],"aioseo_notices":[],"_links":{"self":[{"href":"https:\/\/crystalclear.com.ar\/es\/wp-json\/wp\/v2\/pages\/75","targetHints":{"allow":["GET"]}}],"collection":[{"href":"https:\/\/crystalclear.com.ar\/es\/wp-json\/wp\/v2\/pages"}],"about":[{"href":"https:\/\/crystalclear.com.ar\/es\/wp-json\/wp\/v2\/types\/page"}],"author":[{"embeddable":true,"href":"https:\/\/crystalclear.com.ar\/es\/wp-json\/wp\/v2\/users\/1"}],"replies":[{"embeddable":true,"href":"https:\/\/crystalclear.com.ar\/es\/wp-json\/wp\/v2\/comments?post=75"}],"version-history":[{"count":16,"href":"https:\/\/crystalclear.com.ar\/es\/wp-json\/wp\/v2\/pages\/75\/revisions"}],"predecessor-version":[{"id":3035,"href":"https:\/\/crystalclear.com.ar\/es\/wp-json\/wp\/v2\/pages\/75\/revisions\/3035"}],"wp:attachment":[{"href":"https:\/\/crystalclear.com.ar\/es\/wp-json\/wp\/v2\/media?parent=75"}],"curies":[{"name":"wp","href":"https:\/\/api.w.org\/{rel}","templated":true}]}}