{"id":74,"date":"2023-09-04T11:22:36","date_gmt":"2023-09-04T11:22:36","guid":{"rendered":"https:\/\/ld-wp73.template-help.com\/wordpress\/prod_33652\/v1\/?page_id=74"},"modified":"2024-12-09T09:57:38","modified_gmt":"2024-12-09T12:57:38","slug":"our-experience","status":"publish","type":"page","link":"https:\/\/crystalclear.com.ar\/es\/our-experience\/","title":{"rendered":"NUESTRA EXPERIENCIA"},"content":{"rendered":"<div data-elementor-type=\"wp-page\" data-elementor-id=\"74\" class=\"elementor elementor-74\">\n\t\t\t\t\t\t<section class=\"elementor-section elementor-top-section elementor-element elementor-element-51d06a26 elementor-section-boxed elementor-section-height-default elementor-section-height-default\" data-id=\"51d06a26\" data-element_type=\"section\" data-settings=\"{&quot;jet_parallax_layout_list&quot;:[]}\">\n\t\t\t\t\t\t<div class=\"elementor-container elementor-column-gap-no\">\n\t\t\t\t\t<div class=\"elementor-column elementor-col-100 elementor-top-column elementor-element elementor-element-410182d7 elementor-invisible\" data-id=\"410182d7\" data-element_type=\"column\" data-settings=\"{&quot;animation&quot;:&quot;fadeInLeft&quot;}\">\n\t\t\t<div class=\"elementor-widget-wrap elementor-element-populated\">\n\t\t\t\t\t\t<div class=\"elementor-element elementor-element-efd31e6 elementor-widget__width-initial elementor-widget elementor-widget-heading\" data-id=\"efd31e6\" data-element_type=\"widget\" data-widget_type=\"heading.default\">\n\t\t\t\t<div class=\"elementor-widget-container\">\n\t\t\t<h1 class=\"elementor-heading-title elementor-size-default\">Nuestro recorrido, impulsando el \u00e9xito de cada empresa que conf\u00eda en nosotros<\/h1>\t\t<\/div>\n\t\t\t\t<\/div>\n\t\t\t\t\t<\/div>\n\t\t<\/div>\n\t\t\t\t\t<\/div>\n\t\t<\/section>\n\t\t<div class=\"elementor-element elementor-element-4617beb e-flex e-con-boxed e-con e-parent\" data-id=\"4617beb\" data-element_type=\"container\" data-settings=\"{&quot;jet_parallax_layout_list&quot;:[]}\">\n\t\t\t\t\t<div class=\"e-con-inner\">\n\t\t\t\t<div class=\"elementor-element elementor-element-3f4f7d9 elementor-widget__width-initial elementor-widget elementor-widget-text-editor\" data-id=\"3f4f7d9\" data-element_type=\"widget\" data-widget_type=\"text-editor.default\">\n\t\t\t\t<div class=\"elementor-widget-container\">\n\t\t\t\t\t\t\t<p>Desde 2006, colaboramos con empresas de diversos rubros para guiarlas en su camino hacia la transformaci\u00f3n y optimizaci\u00f3n digital con soluciones SAP. Nuestro enfoque estrat\u00e9gico y nuestra dedicaci\u00f3n nos convierten en el socio ideal para ayudar a las empresas a alcanzar sus objetivos comerciales e impulsar su crecimiento.<\/p>\t\t\t\t\t\t<\/div>\n\t\t\t\t<\/div>\n\t\t\t\t\t<\/div>\n\t\t\t\t<\/div>\n\t\t<div class=\"elementor-element elementor-element-65589c5 e-flex e-con-boxed e-con e-parent\" data-id=\"65589c5\" data-element_type=\"container\" data-settings=\"{&quot;jet_parallax_layout_list&quot;:[]}\">\n\t\t\t\t\t<div class=\"e-con-inner\">\n\t\t\t\t<div class=\"elementor-element elementor-element-cf51a4d elementor-widget elementor-widget-spacer\" data-id=\"cf51a4d\" data-element_type=\"widget\" data-widget_type=\"spacer.default\">\n\t\t\t\t<div class=\"elementor-widget-container\">\n\t\t\t\t\t<div class=\"elementor-spacer\">\n\t\t\t<div class=\"elementor-spacer-inner\"><\/div>\n\t\t<\/div>\n\t\t\t\t<\/div>\n\t\t\t\t<\/div>\n\t\t\t\t\t<\/div>\n\t\t\t\t<\/div>\n\t\t\t\t<section class=\"elementor-section elementor-top-section elementor-element elementor-element-8c05b3f elementor-section-boxed elementor-section-height-default elementor-section-height-default elementor-invisible\" data-id=\"8c05b3f\" data-element_type=\"section\" data-settings=\"{&quot;jet_parallax_layout_list&quot;:[],&quot;animation&quot;:&quot;fadeIn&quot;}\">\n\t\t\t\t\t\t<div class=\"elementor-container elementor-column-gap-no\">\n\t\t\t\t\t<div class=\"elementor-column elementor-col-50 elementor-top-column elementor-element elementor-element-6a71d2ab elementor-invisible\" data-id=\"6a71d2ab\" data-element_type=\"column\" data-settings=\"{&quot;animation&quot;:&quot;fadeInUp&quot;}\">\n\t\t\t<div class=\"elementor-widget-wrap elementor-element-populated\">\n\t\t\t\t\t\t<div class=\"elementor-element elementor-element-4997661f elementor-invisible elementor-widget elementor-widget-heading\" data-id=\"4997661f\" data-element_type=\"widget\" data-settings=\"{&quot;_animation&quot;:&quot;fadeInLeft&quot;}\" data-widget_type=\"heading.default\">\n\t\t\t\t<div class=\"elementor-widget-container\">\n\t\t\t<h2 class=\"elementor-heading-title elementor-size-default\">Nuestro presente en acci\u00f3n<\/h2>\t\t<\/div>\n\t\t\t\t<\/div>\n\t\t\t\t\t<\/div>\n\t\t<\/div>\n\t\t\t\t<div class=\"elementor-column elementor-col-50 elementor-top-column elementor-element elementor-element-257a2d4b\" data-id=\"257a2d4b\" data-element_type=\"column\">\n\t\t\t<div class=\"elementor-widget-wrap elementor-element-populated\">\n\t\t\t\t\t\t<div class=\"elementor-element elementor-element-4b857662 elementor-widget__width-initial elementor-widget-tablet__width-inherit elementor-invisible elementor-widget elementor-widget-text-editor\" data-id=\"4b857662\" data-element_type=\"widget\" data-settings=\"{&quot;_animation&quot;:&quot;fadeInDown&quot;}\" data-widget_type=\"text-editor.default\">\n\t\t\t\t<div class=\"elementor-widget-container\">\n\t\t\t\t\t\t\t<p>Estos son algunos de los proyectos que hemos estado elaborando \u00faltimamente para nuestros clientes. Migraciones, rollouts, integraciones, actualizaciones y m\u00e1s\u2026 \u00a1\u00c9chales un vistazo!<\/p>\t\t\t\t\t\t<\/div>\n\t\t\t\t<\/div>\n\t\t\t\t<div class=\"elementor-element elementor-element-3a67103 elementor-widget__width-initial elementor-widget-mobile__width-inherit animated-slow elementor-position-top elementor-invisible elementor-widget elementor-widget-image-box\" data-id=\"3a67103\" data-element_type=\"widget\" data-settings=\"{&quot;_animation&quot;:&quot;fadeInLeft&quot;}\" data-widget_type=\"image-box.default\">\n\t\t\t\t<div class=\"elementor-widget-container\">\n\t\t\t<div class=\"elementor-image-box-wrapper\"><figure class=\"elementor-image-box-img\"><a href=\"https:\/\/crystalclear.com.ar\/es\/pecom\/\" tabindex=\"-1\"><img decoding=\"async\" width=\"300\" height=\"83\" src=\"https:\/\/crystalclear.com.ar\/wp-content\/uploads\/2024\/10\/pecom_logo-300x83.webp\" class=\"attachment-medium size-medium wp-image-2399\" alt=\"Pecom Logo\" srcset=\"\" sizes=\"(max-width: 300px) 100vw, 300px\" data-srcset=\"\" \/><\/a><\/figure><div class=\"elementor-image-box-content\"><h3 class=\"elementor-image-box-title\"><a href=\"https:\/\/crystalclear.com.ar\/es\/pecom\/\">INDUSTRIA ENERG\u00c9TICA<\/a><\/h3><p class=\"elementor-image-box-description\"><a href=\"\/es\/Pecom\/\">Mantenimiento correctivo evolutivo<\/a><\/p><\/div><\/div>\t\t<\/div>\n\t\t\t\t<\/div>\n\t\t\t\t<div class=\"elementor-element elementor-element-30be91d elementor-widget__width-initial elementor-widget-mobile__width-inherit animated-slow elementor-position-top elementor-invisible elementor-widget elementor-widget-image-box\" data-id=\"30be91d\" data-element_type=\"widget\" data-settings=\"{&quot;_animation&quot;:&quot;fadeInRight&quot;}\" data-widget_type=\"image-box.default\">\n\t\t\t\t<div class=\"elementor-widget-container\">\n\t\t\t<div class=\"elementor-image-box-wrapper\"><figure class=\"elementor-image-box-img\"><a href=\"https:\/\/crystalclear.com.ar\/es\/ypf\/\" tabindex=\"-1\"><img decoding=\"async\" width=\"300\" height=\"120\" src=\"https:\/\/crystalclear.com.ar\/wp-content\/uploads\/2024\/10\/Logo_YPF-300x120.webp\" class=\"attachment-medium size-medium wp-image-2406\" alt=\"YPF Logo\" srcset=\"\" sizes=\"(max-width: 300px) 100vw, 300px\" data-srcset=\"\" \/><\/a><\/figure><div class=\"elementor-image-box-content\"><h3 class=\"elementor-image-box-title\"><a href=\"https:\/\/crystalclear.com.ar\/es\/ypf\/\">INDUSTRIA ENERG\u00c9TICA<\/a><\/h3><p class=\"elementor-image-box-description\"><a href=\"\/es\/YPF\/\">Desarrollos de integraci\u00f3n<\/a><\/p><\/div><\/div>\t\t<\/div>\n\t\t\t\t<\/div>\n\t\t\t\t<div class=\"elementor-element elementor-element-e0ef5be elementor-widget__width-initial elementor-widget-mobile__width-inherit animated-slow elementor-position-top elementor-invisible elementor-widget elementor-widget-image-box\" data-id=\"e0ef5be\" data-element_type=\"widget\" data-settings=\"{&quot;_animation&quot;:&quot;fadeInLeft&quot;}\" data-widget_type=\"image-box.default\">\n\t\t\t\t<div class=\"elementor-widget-container\">\n\t\t\t<div class=\"elementor-image-box-wrapper\"><figure class=\"elementor-image-box-img\"><a href=\"https:\/\/crystalclear.com.ar\/es\/la-segunda\/\" tabindex=\"-1\"><img fetchpriority=\"high\" decoding=\"async\" width=\"300\" height=\"225\" src=\"https:\/\/crystalclear.com.ar\/wp-content\/uploads\/2024\/10\/lasegunda_logo-300x225.webp\" class=\"attachment-medium size-medium wp-image-2414\" alt=\"La Segunda Logo\" srcset=\"\" sizes=\"(max-width: 300px) 100vw, 300px\" data-srcset=\"\" \/><\/a><\/figure><div class=\"elementor-image-box-content\"><h3 class=\"elementor-image-box-title\"><a href=\"https:\/\/crystalclear.com.ar\/es\/la-segunda\/\">INDUSTRIA DE SEGUROS<\/a><\/h3><p class=\"elementor-image-box-description\"><a href=\"\/es\/la-segunda\/\">Proyecto Rollout<\/a><\/p><\/div><\/div>\t\t<\/div>\n\t\t\t\t<\/div>\n\t\t\t\t<div class=\"elementor-element elementor-element-f379bb0 elementor-widget__width-initial elementor-widget-mobile__width-initial animated-slow elementor-position-top elementor-invisible elementor-widget elementor-widget-image-box\" data-id=\"f379bb0\" data-element_type=\"widget\" data-settings=\"{&quot;_animation&quot;:&quot;fadeInRight&quot;}\" data-widget_type=\"image-box.default\">\n\t\t\t\t<div class=\"elementor-widget-container\">\n\t\t\t<div class=\"elementor-image-box-wrapper\"><figure class=\"elementor-image-box-img\"><a href=\"https:\/\/crystalclear.com.ar\/es\/Contacts\/\" tabindex=\"-1\"><img loading=\"lazy\" decoding=\"async\" width=\"206\" height=\"300\" src=\"https:\/\/crystalclear.com.ar\/wp-content\/uploads\/2024\/10\/Next-challenge-206x300.webp\" class=\"attachment-medium size-medium wp-image-2416\" alt=\"Next challenge\" srcset=\"\" sizes=\"(max-width: 206px) 100vw, 206px\" data-srcset=\"\" \/><\/a><\/figure><div class=\"elementor-image-box-content\"><h3 class=\"elementor-image-box-title\"><a href=\"https:\/\/crystalclear.com.ar\/es\/Contacts\/\">JUNTOS AL SIGUIENTE NIVEL<\/a><\/h3><p class=\"elementor-image-box-description\"><a href=\"\/es\/Contacts\/\">Combinemos un llamado<\/a><\/p><\/div><\/div>\t\t<\/div>\n\t\t\t\t<\/div>\n\t\t\t\t\t<\/div>\n\t\t<\/div>\n\t\t\t\t\t<\/div>\n\t\t<\/section>\n\t\t\t\t<section class=\"elementor-section elementor-top-section elementor-element elementor-element-5c52f89 elementor-section-boxed elementor-section-height-default elementor-section-height-default elementor-invisible\" data-id=\"5c52f89\" data-element_type=\"section\" data-settings=\"{&quot;jet_parallax_layout_list&quot;:[],&quot;animation&quot;:&quot;fadeIn&quot;}\">\n\t\t\t\t\t\t<div class=\"elementor-container elementor-column-gap-no\">\n\t\t\t\t\t<div class=\"elementor-column elementor-col-50 elementor-top-column elementor-element elementor-element-efe1a0d\" data-id=\"efe1a0d\" data-element_type=\"column\">\n\t\t\t<div class=\"elementor-widget-wrap elementor-element-populated\">\n\t\t\t\t\t\t<div class=\"elementor-element elementor-element-6e436c7 elementor-invisible elementor-widget elementor-widget-heading\" data-id=\"6e436c7\" data-element_type=\"widget\" data-settings=\"{&quot;_animation&quot;:&quot;fadeInLeft&quot;}\" data-widget_type=\"heading.default\">\n\t\t\t\t<div class=\"elementor-widget-container\">\n\t\t\t<h2 class=\"elementor-heading-title elementor-size-default\">Revisando el pasado<\/h2>\t\t<\/div>\n\t\t\t\t<\/div>\n\t\t\t\t\t<\/div>\n\t\t<\/div>\n\t\t\t\t<div class=\"elementor-column elementor-col-50 elementor-top-column elementor-element elementor-element-c8447f9\" data-id=\"c8447f9\" data-element_type=\"column\">\n\t\t\t<div class=\"elementor-widget-wrap elementor-element-populated\">\n\t\t\t\t\t\t<div class=\"elementor-element elementor-element-3123f32 elementor-widget__width-initial elementor-widget-tablet__width-inherit elementor-invisible elementor-widget elementor-widget-text-editor\" data-id=\"3123f32\" data-element_type=\"widget\" data-settings=\"{&quot;_animation&quot;:&quot;fadeInDown&quot;}\" data-widget_type=\"text-editor.default\">\n\t\t\t\t<div class=\"elementor-widget-container\">\n\t\t\t\t\t\t\t<p>Aqu\u00ed est\u00e1n algunos de proyectos en los cuales tuvimos el privilegio de trabajar un tiempo atr\u00e1s<\/p>\t\t\t\t\t\t<\/div>\n\t\t\t\t<\/div>\n\t\t\t\t<div class=\"elementor-element elementor-element-bfe0848 elementor-widget__width-initial elementor-widget-mobile__width-inherit animated-slow elementor-position-top elementor-invisible elementor-widget elementor-widget-image-box\" data-id=\"bfe0848\" data-element_type=\"widget\" data-settings=\"{&quot;_animation&quot;:&quot;fadeInLeft&quot;}\" data-widget_type=\"image-box.default\">\n\t\t\t\t<div class=\"elementor-widget-container\">\n\t\t\t<div class=\"elementor-image-box-wrapper\"><figure class=\"elementor-image-box-img\"><a href=\"https:\/\/crystalclear.com.ar\/es\/violetta\/\" tabindex=\"-1\"><img loading=\"lazy\" decoding=\"async\" width=\"300\" height=\"300\" src=\"https:\/\/crystalclear.com.ar\/wp-content\/uploads\/2024\/10\/Violetta-300x300.webp\" class=\"attachment-medium size-medium wp-image-2439\" alt=\"Violetta Logo\" srcset=\"\" sizes=\"(max-width: 300px) 100vw, 300px\" data-srcset=\"\" \/><\/a><\/figure><div class=\"elementor-image-box-content\"><h3 class=\"elementor-image-box-title\"><a href=\"https:\/\/crystalclear.com.ar\/es\/violetta\/\">INDUSTRIA DEL CUIDADO PERSONAL<\/a><\/h3><p class=\"elementor-image-box-description\"><a href=\"\/es\/violetta\/\">Mantenimiento correctivo evolutivo<\/a><\/p><\/div><\/div>\t\t<\/div>\n\t\t\t\t<\/div>\n\t\t\t\t<div class=\"elementor-element elementor-element-ac1b5c4 elementor-widget__width-initial elementor-widget-mobile__width-inherit animated-slow elementor-position-top elementor-invisible elementor-widget elementor-widget-image-box\" data-id=\"ac1b5c4\" data-element_type=\"widget\" data-settings=\"{&quot;_animation&quot;:&quot;fadeInRight&quot;}\" data-widget_type=\"image-box.default\">\n\t\t\t\t<div class=\"elementor-widget-container\">\n\t\t\t<div class=\"elementor-image-box-wrapper\"><figure class=\"elementor-image-box-img\"><a href=\"https:\/\/crystalclear.com.ar\/es\/metrogas\/\" tabindex=\"-1\"><img loading=\"lazy\" decoding=\"async\" width=\"300\" height=\"105\" src=\"https:\/\/crystalclear.com.ar\/wp-content\/uploads\/2024\/10\/Metrogas_logo-300x105.webp\" class=\"attachment-medium size-medium wp-image-2440\" alt=\"Metrogas Logo\" srcset=\"\" sizes=\"(max-width: 300px) 100vw, 300px\" data-srcset=\"\" \/><\/a><\/figure><div class=\"elementor-image-box-content\"><h3 class=\"elementor-image-box-title\"><a href=\"https:\/\/crystalclear.com.ar\/es\/metrogas\/\">INDUSTRIA ENERG\u00c9TICA<\/a><\/h3><p class=\"elementor-image-box-description\"><a href=\"\/es\/metrogas\/\">Varios proyectos y mantenimientos<\/a><\/p><\/div><\/div>\t\t<\/div>\n\t\t\t\t<\/div>\n\t\t\t\t<div class=\"elementor-element elementor-element-8299252 elementor-widget__width-initial elementor-widget-mobile__width-inherit animated-slow elementor-position-top elementor-invisible elementor-widget elementor-widget-image-box\" data-id=\"8299252\" data-element_type=\"widget\" data-settings=\"{&quot;_animation&quot;:&quot;fadeInLeft&quot;}\" data-widget_type=\"image-box.default\">\n\t\t\t\t<div class=\"elementor-widget-container\">\n\t\t\t<div class=\"elementor-image-box-wrapper\"><figure class=\"elementor-image-box-img\"><a href=\"https:\/\/crystalclear.com.ar\/es\/olam\/\" tabindex=\"-1\"><img loading=\"lazy\" decoding=\"async\" width=\"300\" height=\"228\" src=\"https:\/\/crystalclear.com.ar\/wp-content\/uploads\/2024\/10\/OLAM_Logo-300x228.webp\" class=\"attachment-medium size-medium wp-image-2444\" alt=\"OLAM Logo\" srcset=\"\" sizes=\"(max-width: 300px) 100vw, 300px\" data-srcset=\"\" \/><\/a><\/figure><div class=\"elementor-image-box-content\"><h3 class=\"elementor-image-box-title\"><a href=\"https:\/\/crystalclear.com.ar\/es\/olam\/\">INDUSTRIA ALIMENTICIA<\/a><\/h3><p class=\"elementor-image-box-description\"><a href=\"\/es\/olam\/\">Rollout de compa\u00f1\u00eda<\/a><\/p><\/div><\/div>\t\t<\/div>\n\t\t\t\t<\/div>\n\t\t\t\t<div class=\"elementor-element elementor-element-e952138 elementor-widget__width-initial elementor-widget-mobile__width-inherit animated-slow elementor-position-top elementor-invisible elementor-widget elementor-widget-image-box\" data-id=\"e952138\" data-element_type=\"widget\" data-settings=\"{&quot;_animation&quot;:&quot;fadeInRight&quot;}\" data-widget_type=\"image-box.default\">\n\t\t\t\t<div class=\"elementor-widget-container\">\n\t\t\t<div class=\"elementor-image-box-wrapper\"><figure class=\"elementor-image-box-img\"><a href=\"https:\/\/crystalclear.com.ar\/es\/el-palacio-de-hierro\/\" tabindex=\"-1\"><img loading=\"lazy\" decoding=\"async\" width=\"300\" height=\"300\" src=\"https:\/\/crystalclear.com.ar\/wp-content\/uploads\/2024\/10\/El-Palacio-del-Hierro-LOGO-300x300.webp\" class=\"attachment-medium size-medium wp-image-2446\" alt=\"El Palacio del Hierro LOGO\" srcset=\"\" sizes=\"(max-width: 300px) 100vw, 300px\" data-srcset=\"\" \/><\/a><\/figure><div class=\"elementor-image-box-content\"><h3 class=\"elementor-image-box-title\"><a href=\"https:\/\/crystalclear.com.ar\/es\/el-palacio-de-hierro\/\">INDUSTRIA DE LA INFORMACI\u00d3N TECNOL\u00d3GICA<\/a><\/h3><p class=\"elementor-image-box-description\"><a href=\"\/es\/el-palacio-de-hierro\/\">Implementaci\u00f3n de ERP SAP<\/a><\/p><\/div><\/div>\t\t<\/div>\n\t\t\t\t<\/div>\n\t\t\t\t<div class=\"elementor-element elementor-element-6684541 elementor-widget__width-initial elementor-widget-mobile__width-inherit animated-slow elementor-position-top elementor-invisible elementor-widget elementor-widget-image-box\" data-id=\"6684541\" data-element_type=\"widget\" data-settings=\"{&quot;_animation&quot;:&quot;fadeInLeft&quot;}\" data-widget_type=\"image-box.default\">\n\t\t\t\t<div class=\"elementor-widget-container\">\n\t\t\t<div class=\"elementor-image-box-wrapper\"><figure class=\"elementor-image-box-img\"><a href=\"https:\/\/crystalclear.com.ar\/es\/molinos\/\" tabindex=\"-1\"><img loading=\"lazy\" decoding=\"async\" width=\"300\" height=\"188\" src=\"https:\/\/crystalclear.com.ar\/wp-content\/uploads\/2024\/10\/Molinos_logo-300x188.webp\" class=\"attachment-medium size-medium wp-image-2447\" alt=\"Molinos Logo\" srcset=\"\" sizes=\"(max-width: 300px) 100vw, 300px\" data-srcset=\"\" \/><\/a><\/figure><div class=\"elementor-image-box-content\"><h3 class=\"elementor-image-box-title\"><a href=\"https:\/\/crystalclear.com.ar\/es\/molinos\/\">INDUSTRIA ALIMENTICIA<\/a><\/h3><p class=\"elementor-image-box-description\"><a href=\"\/es\/molinos\/\">Varios proyectos y mantenimientos<\/a><\/p><\/div><\/div>\t\t<\/div>\n\t\t\t\t<\/div>\n\t\t\t\t<div class=\"elementor-element elementor-element-7eeb39e elementor-widget__width-initial elementor-widget-mobile__width-inherit animated-slow elementor-position-top elementor-invisible elementor-widget elementor-widget-image-box\" data-id=\"7eeb39e\" data-element_type=\"widget\" data-settings=\"{&quot;_animation&quot;:&quot;fadeInRight&quot;}\" data-widget_type=\"image-box.default\">\n\t\t\t\t<div class=\"elementor-widget-container\">\n\t\t\t<div class=\"elementor-image-box-wrapper\"><figure class=\"elementor-image-box-img\"><a href=\"https:\/\/crystalclear.com.ar\/es\/easy\/\" tabindex=\"-1\"><img loading=\"lazy\" decoding=\"async\" width=\"300\" height=\"169\" src=\"https:\/\/crystalclear.com.ar\/wp-content\/uploads\/2024\/10\/EASY_Logo-300x169.webp\" class=\"attachment-medium size-medium wp-image-2451\" alt=\"Easy Logo\" srcset=\"\" sizes=\"(max-width: 300px) 100vw, 300px\" data-srcset=\"\" \/><\/a><\/figure><div class=\"elementor-image-box-content\"><h3 class=\"elementor-image-box-title\"><a href=\"https:\/\/crystalclear.com.ar\/es\/easy\/\">INDUSTRIA DE LA CONSTRUCCI\u00d3N<\/a><\/h3><p class=\"elementor-image-box-description\"><a href=\"\/es\/easy\/\">Actualizaci\u00f3n de ERP SAP<\/a><\/p><\/div><\/div>\t\t<\/div>\n\t\t\t\t<\/div>\n\t\t\t\t<div class=\"elementor-element elementor-element-05051c3 elementor-widget__width-initial elementor-widget-mobile__width-inherit animated-slow elementor-position-top elementor-invisible elementor-widget elementor-widget-image-box\" data-id=\"05051c3\" data-element_type=\"widget\" data-settings=\"{&quot;_animation&quot;:&quot;fadeInLeft&quot;}\" data-widget_type=\"image-box.default\">\n\t\t\t\t<div class=\"elementor-widget-container\">\n\t\t\t<div class=\"elementor-image-box-wrapper\"><figure class=\"elementor-image-box-img\"><a href=\"https:\/\/crystalclear.com.ar\/es\/basf\/\" tabindex=\"-1\"><img loading=\"lazy\" decoding=\"async\" width=\"300\" height=\"150\" src=\"https:\/\/crystalclear.com.ar\/wp-content\/uploads\/2024\/10\/BASF-LOGO-300x150.webp\" class=\"attachment-medium size-medium wp-image-2453\" alt=\"BASF Logo\" srcset=\"\" sizes=\"(max-width: 300px) 100vw, 300px\" data-srcset=\"\" \/><\/a><\/figure><div class=\"elementor-image-box-content\"><h3 class=\"elementor-image-box-title\"><a href=\"https:\/\/crystalclear.com.ar\/es\/basf\/\">INDUSTRIA QU\u00cdMICA<\/a><\/h3><p class=\"elementor-image-box-description\"><a href=\"\/es\/basf\/\">Construyendo una nueva soluci\u00f3n Z<\/a><\/p><\/div><\/div>\t\t<\/div>\n\t\t\t\t<\/div>\n\t\t\t\t<div class=\"elementor-element elementor-element-44a6347 elementor-widget__width-initial elementor-widget-mobile__width-inherit animated-slow elementor-position-top elementor-invisible elementor-widget elementor-widget-image-box\" data-id=\"44a6347\" data-element_type=\"widget\" data-settings=\"{&quot;_animation&quot;:&quot;fadeInRight&quot;}\" data-widget_type=\"image-box.default\">\n\t\t\t\t<div class=\"elementor-widget-container\">\n\t\t\t<div class=\"elementor-image-box-wrapper\"><figure class=\"elementor-image-box-img\"><a href=\"https:\/\/crystalclear.com.ar\/es\/trainings\/\" tabindex=\"-1\"><img loading=\"lazy\" decoding=\"async\" width=\"300\" height=\"300\" src=\"https:\/\/crystalclear.com.ar\/wp-content\/uploads\/2024\/10\/Capacitaciones-300x300.webp\" class=\"attachment-medium size-medium wp-image-2474\" alt=\"Training\" srcset=\"\" sizes=\"(max-width: 300px) 100vw, 300px\" data-srcset=\"\" \/><\/a><\/figure><div class=\"elementor-image-box-content\"><h3 class=\"elementor-image-box-title\"><a href=\"https:\/\/crystalclear.com.ar\/es\/trainings\/\">INDUSTRIA DE LA INFORMACI\u00d3N TECNOL\u00d3GICA<\/a><\/h3><p class=\"elementor-image-box-description\"><a href=\"\/es\/trainings\/\">Capacitaci\u00f3n<\/a><\/p><\/div><\/div>\t\t<\/div>\n\t\t\t\t<\/div>\n\t\t\t\t\t<\/div>\n\t\t<\/div>\n\t\t\t\t\t<\/div>\n\t\t<\/section>\n\t\t\t\t<section class=\"elementor-section elementor-top-section elementor-element elementor-element-5ca1901b elementor-section-boxed elementor-section-height-default elementor-section-height-default\" data-id=\"5ca1901b\" data-element_type=\"section\" data-settings=\"{&quot;jet_parallax_layout_list&quot;:[]}\">\n\t\t\t\t\t\t<div class=\"elementor-container elementor-column-gap-no\">\n\t\t\t\t\t<div class=\"elementor-column elementor-col-100 elementor-top-column elementor-element elementor-element-55143ce4\" data-id=\"55143ce4\" data-element_type=\"column\">\n\t\t\t<div class=\"elementor-widget-wrap elementor-element-populated\">\n\t\t\t\t\t\t<div class=\"elementor-element elementor-element-40bb057 elementor-widget-divider--view-line elementor-widget elementor-widget-divider\" data-id=\"40bb057\" data-element_type=\"widget\" data-widget_type=\"divider.default\">\n\t\t\t\t<div class=\"elementor-widget-container\">\n\t\t\t\t\t<div class=\"elementor-divider\">\n\t\t\t<span class=\"elementor-divider-separator\">\n\t\t\t\t\t\t<\/span>\n\t\t<\/div>\n\t\t\t\t<\/div>\n\t\t\t\t<\/div>\n\t\t\t\t\t<\/div>\n\t\t<\/div>\n\t\t\t\t\t<\/div>\n\t\t<\/section>\n\t\t\t\t<\/div>","protected":false},"excerpt":{"rendered":"<p>Our journey, driving the success of every company that trusts us Since 2006, we have been partnering with companies across various industries guiding them on their journey towards digital transformation and optimization with SAP solutions. Our strategic approach and dedication make us the ideal partner to help businesses, to achieve business goals and drive the [&hellip;]<\/p>","protected":false},"author":1,"featured_media":0,"parent":0,"menu_order":0,"comment_status":"closed","ping_status":"closed","template":"elementor_header_footer","meta":{"om_disable_all_campaigns":false,"_monsterinsights_skip_tracking":false,"_monsterinsights_sitenote_active":false,"_monsterinsights_sitenote_note":"","_monsterinsights_sitenote_category":0,"footnotes":""},"class_list":["post-74","page","type-page","status-publish","hentry"],"aioseo_notices":[],"_links":{"self":[{"href":"https:\/\/crystalclear.com.ar\/es\/wp-json\/wp\/v2\/pages\/74","targetHints":{"allow":["GET"]}}],"collection":[{"href":"https:\/\/crystalclear.com.ar\/es\/wp-json\/wp\/v2\/pages"}],"about":[{"href":"https:\/\/crystalclear.com.ar\/es\/wp-json\/wp\/v2\/types\/page"}],"author":[{"embeddable":true,"href":"https:\/\/crystalclear.com.ar\/es\/wp-json\/wp\/v2\/users\/1"}],"replies":[{"embeddable":true,"href":"https:\/\/crystalclear.com.ar\/es\/wp-json\/wp\/v2\/comments?post=74"}],"version-history":[{"count":144,"href":"https:\/\/crystalclear.com.ar\/es\/wp-json\/wp\/v2\/pages\/74\/revisions"}],"predecessor-version":[{"id":2959,"href":"https:\/\/crystalclear.com.ar\/es\/wp-json\/wp\/v2\/pages\/74\/revisions\/2959"}],"wp:attachment":[{"href":"https:\/\/crystalclear.com.ar\/es\/wp-json\/wp\/v2\/media?parent=74"}],"curies":[{"name":"wp","href":"https:\/\/api.w.org\/{rel}","templated":true}]}}