{"id":2630,"date":"2024-10-30T19:53:34","date_gmt":"2024-10-30T19:53:34","guid":{"rendered":"https:\/\/crystalclear.com.ar\/?page_id=2630"},"modified":"2024-12-09T10:07:36","modified_gmt":"2024-12-09T13:07:36","slug":"molinos","status":"publish","type":"page","link":"https:\/\/crystalclear.com.ar\/es\/molinos\/","title":{"rendered":"Molinos"},"content":{"rendered":"<div data-elementor-type=\"wp-page\" data-elementor-id=\"2630\" class=\"elementor elementor-2630\">\n\t\t\t\t<div class=\"elementor-element elementor-element-a4d80c1 e-grid elementor-hidden-mobile e-con-boxed e-con e-parent\" data-id=\"a4d80c1\" data-element_type=\"container\" data-settings=\"{&quot;jet_parallax_layout_list&quot;:[]}\">\n\t\t\t\t\t<div class=\"e-con-inner\">\n\t\t<div class=\"elementor-element elementor-element-7ea1066 e-con-full e-flex e-con e-child\" data-id=\"7ea1066\" data-element_type=\"container\" data-settings=\"{&quot;jet_parallax_layout_list&quot;:[]}\">\n\t\t\t\t<\/div>\n\t\t\t\t\t<\/div>\n\t\t\t\t<\/div>\n\t\t<div class=\"elementor-element elementor-element-9c3609f e-flex e-con-boxed e-con e-parent\" data-id=\"9c3609f\" data-element_type=\"container\" data-settings=\"{&quot;jet_parallax_layout_list&quot;:[]}\">\n\t\t\t\t\t<div class=\"e-con-inner\">\n\t\t\t\t<div class=\"elementor-element elementor-element-267bb2b elementor-hidden-desktop elementor-hidden-tablet elementor-widget elementor-widget-image\" data-id=\"267bb2b\" data-element_type=\"widget\" data-widget_type=\"image.default\">\n\t\t\t\t<div class=\"elementor-widget-container\">\n\t\t\t\t\t\t\t\t\t\t\t\t\t<img fetchpriority=\"high\" decoding=\"async\" width=\"300\" height=\"188\" src=\"https:\/\/crystalclear.com.ar\/wp-content\/uploads\/2024\/10\/Molinos_logo-300x188.webp\" class=\"attachment-medium size-medium wp-image-2447\" alt=\"Molinos Logo\" srcset=\"\" sizes=\"(max-width: 300px) 100vw, 300px\" data-srcset=\"\" \/>\t\t\t\t\t\t\t\t\t\t\t\t\t<\/div>\n\t\t\t\t<\/div>\n\t\t\t\t\t<\/div>\n\t\t\t\t<\/div>\n\t\t<div class=\"elementor-element elementor-element-9945528 e-flex e-con-boxed e-con e-parent\" data-id=\"9945528\" data-element_type=\"container\" data-settings=\"{&quot;jet_parallax_layout_list&quot;:[]}\">\n\t\t\t\t\t<div class=\"e-con-inner\">\n\t\t<div class=\"elementor-element elementor-element-916b6c2 e-con-full e-flex e-con e-child\" data-id=\"916b6c2\" data-element_type=\"container\" data-settings=\"{&quot;jet_parallax_layout_list&quot;:[]}\">\n\t\t\t\t<div class=\"elementor-element elementor-element-9d019c5 elementor-widget elementor-widget-heading\" data-id=\"9d019c5\" data-element_type=\"widget\" data-widget_type=\"heading.default\">\n\t\t\t\t<div class=\"elementor-widget-container\">\n\t\t\t<h1 class=\"elementor-heading-title elementor-size-default\">Molinos<\/h1>\t\t<\/div>\n\t\t\t\t<\/div>\n\t\t\t\t<\/div>\n\t\t<div class=\"elementor-element elementor-element-364e3a7 e-con-full e-flex e-con e-child\" data-id=\"364e3a7\" data-element_type=\"container\" data-settings=\"{&quot;jet_parallax_layout_list&quot;:[]}\">\n\t\t\t\t<div class=\"elementor-element elementor-element-a92b965 elementor-widget elementor-widget-heading\" data-id=\"a92b965\" data-element_type=\"widget\" data-widget_type=\"heading.default\">\n\t\t\t\t<div class=\"elementor-widget-container\">\n\t\t\t<h6 class=\"elementor-heading-title elementor-size-default\">Gestionado por JIT Consulting<\/h6>\t\t<\/div>\n\t\t\t\t<\/div>\n\t\t\t\t<\/div>\n\t\t\t\t\t<\/div>\n\t\t\t\t<\/div>\n\t\t<div class=\"elementor-element elementor-element-36ce96a e-flex e-con-boxed e-con e-parent\" data-id=\"36ce96a\" data-element_type=\"container\" data-settings=\"{&quot;jet_parallax_layout_list&quot;:[]}\">\n\t\t\t\t\t<div class=\"e-con-inner\">\n\t\t<div class=\"elementor-element elementor-element-d1ecdbc e-con-full e-flex e-con e-child\" data-id=\"d1ecdbc\" data-element_type=\"container\" data-settings=\"{&quot;jet_parallax_layout_list&quot;:[]}\">\n\t\t\t\t<div class=\"elementor-element elementor-element-9315db4 elementor-widget elementor-widget-heading\" data-id=\"9315db4\" data-element_type=\"widget\" data-widget_type=\"heading.default\">\n\t\t\t\t<div class=\"elementor-widget-container\">\n\t\t\t<h5 class=\"elementor-heading-title elementor-size-default\">Proyecto de actualizaci\u00f3n de componente SAP<\/h5>\t\t<\/div>\n\t\t\t\t<\/div>\n\t\t\t\t<\/div>\n\t\t<div class=\"elementor-element elementor-element-e20ee6a e-con-full e-flex e-con e-child\" data-id=\"e20ee6a\" data-element_type=\"container\" data-settings=\"{&quot;jet_parallax_layout_list&quot;:[]}\">\n\t\t\t\t<div class=\"elementor-element elementor-element-d13e1e9 elementor-widget elementor-widget-text-editor\" data-id=\"d13e1e9\" data-element_type=\"widget\" data-widget_type=\"text-editor.default\">\n\t\t\t\t<div class=\"elementor-widget-container\">\n\t\t\t\t\t\t\t<p>En este proyecto participamos activamente en la ejecuci\u00f3n t\u00e9cnica de la actualizaci\u00f3n de versiones de varios componentes del sistema SAP. Posteriormente, establecimos una colaboraci\u00f3n a largo plazo con el cliente, brindando soporte e implementando mejoras para optimizar la soluci\u00f3n implementada.<\/p>\t\t\t\t\t\t<\/div>\n\t\t\t\t<\/div>\n\t\t\t\t<\/div>\n\t\t\t\t\t<\/div>\n\t\t\t\t<\/div>\n\t\t<div class=\"elementor-element elementor-element-070dd4f e-flex e-con-boxed e-con e-parent\" data-id=\"070dd4f\" data-element_type=\"container\" data-settings=\"{&quot;jet_parallax_layout_list&quot;:[]}\">\n\t\t\t\t\t<div class=\"e-con-inner\">\n\t\t<div class=\"elementor-element elementor-element-a1c285b e-con-full e-flex e-con e-child\" data-id=\"a1c285b\" data-element_type=\"container\" data-settings=\"{&quot;jet_parallax_layout_list&quot;:[]}\">\n\t\t\t\t<div class=\"elementor-element elementor-element-20ed38a elementor-widget elementor-widget-heading\" data-id=\"20ed38a\" data-element_type=\"widget\" data-widget_type=\"heading.default\">\n\t\t\t\t<div class=\"elementor-widget-container\">\n\t\t\t<h5 class=\"elementor-heading-title elementor-size-default\">Proyectos y soluciones destacados<\/h5>\t\t<\/div>\n\t\t\t\t<\/div>\n\t\t\t\t<\/div>\n\t\t<div class=\"elementor-element elementor-element-e4449c8 e-con-full e-flex e-con e-child\" data-id=\"e4449c8\" data-element_type=\"container\" data-settings=\"{&quot;jet_parallax_layout_list&quot;:[]}\">\n\t\t\t\t<div class=\"elementor-element elementor-element-de73d3d elementor-icon-list--layout-traditional elementor-list-item-link-full_width elementor-widget elementor-widget-icon-list\" data-id=\"de73d3d\" data-element_type=\"widget\" data-widget_type=\"icon-list.default\">\n\t\t\t\t<div class=\"elementor-widget-container\">\n\t\t\t\t\t<ul class=\"elementor-icon-list-items\">\n\t\t\t\t\t\t\t<li class=\"elementor-icon-list-item\">\n\t\t\t\t\t\t\t\t\t\t\t<span class=\"elementor-icon-list-icon\">\n\t\t\t\t\t\t\t<svg aria-hidden=\"true\" class=\"e-font-icon-svg e-fas-check\" viewbox=\"0 0 512 512\" xmlns=\"http:\/\/www.w3.org\/2000\/svg\"><path d=\"M173.898 439.404l-166.4-166.4c-9.997-9.997-9.997-26.206 0-36.204l36.203-36.204c9.997-9.998 26.207-9.998 36.204 0L192 312.69 432.095 72.596c9.997-9.997 26.207-9.997 36.204 0l36.203 36.204c9.997 9.997 9.997 26.206 0 36.204l-294.4 294.401c-9.998 9.997-26.207 9.997-36.204-.001z\"><\/path><\/svg>\t\t\t\t\t\t<\/span>\n\t\t\t\t\t\t\t\t\t\t<span class=\"elementor-icon-list-text\">Ejecuci\u00f3n t\u00e9cnica de actualizaci\u00f3n de componentes SAP<\/span>\n\t\t\t\t\t\t\t\t\t<\/li>\n\t\t\t\t\t\t\t\t<li class=\"elementor-icon-list-item\">\n\t\t\t\t\t\t\t\t\t\t\t<span class=\"elementor-icon-list-icon\">\n\t\t\t\t\t\t\t<svg aria-hidden=\"true\" class=\"e-font-icon-svg e-fas-check\" viewbox=\"0 0 512 512\" xmlns=\"http:\/\/www.w3.org\/2000\/svg\"><path d=\"M173.898 439.404l-166.4-166.4c-9.997-9.997-9.997-26.206 0-36.204l36.203-36.204c9.997-9.998 26.207-9.998 36.204 0L192 312.69 432.095 72.596c9.997-9.997 26.207-9.997 36.204 0l36.203 36.204c9.997 9.997 9.997 26.206 0 36.204l-294.4 294.401c-9.998 9.997-26.207 9.997-36.204-.001z\"><\/path><\/svg>\t\t\t\t\t\t<\/span>\n\t\t\t\t\t\t\t\t\t\t<span class=\"elementor-icon-list-text\">Prestaci\u00f3n de soporte y correcciones continuas, para garantizar la estabilidad y la mejora del sistema a lo largo del tiempo.<\/span>\n\t\t\t\t\t\t\t\t\t<\/li>\n\t\t\t\t\t\t<\/ul>\n\t\t\t\t<\/div>\n\t\t\t\t<\/div>\n\t\t\t\t<\/div>\n\t\t\t\t\t<\/div>\n\t\t\t\t<\/div>\n\t\t\t\t<\/div>","protected":false},"excerpt":{"rendered":"<p>Molinos Managed by JIT Consulting SAP Component Upgrade Project In this project, we actively participated in the technical execution of the version upgrade for several components of the SAP system. Subsequently, we established a long-term collaboration with the client, providing support and implementing improvements to optimize the implemented solution. Highlighted projects and solutions Technical execution [&hellip;]<\/p>","protected":false},"author":1,"featured_media":0,"parent":0,"menu_order":0,"comment_status":"closed","ping_status":"closed","template":"elementor_header_footer","meta":{"om_disable_all_campaigns":false,"_monsterinsights_skip_tracking":false,"_monsterinsights_sitenote_active":false,"_monsterinsights_sitenote_note":"","_monsterinsights_sitenote_category":0,"footnotes":""},"class_list":["post-2630","page","type-page","status-publish","hentry"],"aioseo_notices":[],"_links":{"self":[{"href":"https:\/\/crystalclear.com.ar\/es\/wp-json\/wp\/v2\/pages\/2630","targetHints":{"allow":["GET"]}}],"collection":[{"href":"https:\/\/crystalclear.com.ar\/es\/wp-json\/wp\/v2\/pages"}],"about":[{"href":"https:\/\/crystalclear.com.ar\/es\/wp-json\/wp\/v2\/types\/page"}],"author":[{"embeddable":true,"href":"https:\/\/crystalclear.com.ar\/es\/wp-json\/wp\/v2\/users\/1"}],"replies":[{"embeddable":true,"href":"https:\/\/crystalclear.com.ar\/es\/wp-json\/wp\/v2\/comments?post=2630"}],"version-history":[{"count":10,"href":"https:\/\/crystalclear.com.ar\/es\/wp-json\/wp\/v2\/pages\/2630\/revisions"}],"predecessor-version":[{"id":2975,"href":"https:\/\/crystalclear.com.ar\/es\/wp-json\/wp\/v2\/pages\/2630\/revisions\/2975"}],"wp:attachment":[{"href":"https:\/\/crystalclear.com.ar\/es\/wp-json\/wp\/v2\/media?parent=2630"}],"curies":[{"name":"wp","href":"https:\/\/api.w.org\/{rel}","templated":true}]}}